{"id":4020,"date":"2024-02-16T19:32:24","date_gmt":"2024-02-16T19:32:24","guid":{"rendered":"https:\/\/vr-solutions.fr\/?page_id=4020"},"modified":"2024-02-29T10:11:14","modified_gmt":"2024-02-29T10:11:14","slug":"domaine-hikari","status":"publish","type":"page","link":"https:\/\/vr-solutions.fr\/en\/domaine-hikari\/","title":{"rendered":"Domaine Hikari"},"content":{"rendered":"<div data-elementor-type=\"wp-page\" data-elementor-id=\"4020\" class=\"elementor elementor-4020\" data-elementor-post-type=\"page\">\n\t\t\t\t\t\t<section class=\"elementor-section elementor-top-section elementor-element elementor-element-6cd7f7ac elementor-section-full_width elementor-section-stretched elementor-section-height-min-height elementor-section-height-default elementor-section-items-middle\" data-id=\"6cd7f7ac\" data-element_type=\"section\" data-e-type=\"section\" data-settings=\"{&quot;stretch_section&quot;:&quot;section-stretched&quot;,&quot;background_background&quot;:&quot;classic&quot;}\">\n\t\t\t\t\t\t\t<div class=\"elementor-background-overlay\"><\/div>\n\t\t\t\t\t\t\t<div class=\"elementor-container elementor-column-gap-default\">\n\t\t\t\t\t<div class=\"elementor-column elementor-col-100 elementor-top-column elementor-element elementor-element-15174e4c\" data-id=\"15174e4c\" data-element_type=\"column\" data-e-type=\"column\">\n\t\t\t<div class=\"elementor-widget-wrap elementor-element-populated\">\n\t\t\t\t\t\t<div class=\"elementor-element elementor-element-4d71e21c elementor-widget elementor-widget-heading\" data-id=\"4d71e21c\" data-element_type=\"widget\" data-e-type=\"widget\" data-widget_type=\"heading.default\">\n\t\t\t\t<div class=\"elementor-widget-container\">\n\t\t\t\t\t<h1 class=\"elementor-heading-title elementor-size-default\">domaine hikari<\/h1>\t\t\t\t<\/div>\n\t\t\t\t<\/div>\n\t\t\t\t\t<\/div>\n\t\t<\/div>\n\t\t\t\t\t<\/div>\n\t\t<\/section>\n\t\t\t\t<section class=\"elementor-section elementor-top-section elementor-element elementor-element-152bdc6c elementor-section-height-min-height elementor-section-items-stretch elementor-section-content-middle elementor-section-stretched elementor-section-boxed elementor-section-height-default\" data-id=\"152bdc6c\" data-element_type=\"section\" data-e-type=\"section\" data-settings=\"{&quot;stretch_section&quot;:&quot;section-stretched&quot;}\">\n\t\t\t\t\t\t<div class=\"elementor-container elementor-column-gap-default\">\n\t\t\t\t\t<div class=\"elementor-column elementor-col-100 elementor-top-column elementor-element elementor-element-145c6461\" data-id=\"145c6461\" data-element_type=\"column\" data-e-type=\"column\" data-settings=\"{&quot;background_background&quot;:&quot;classic&quot;}\">\n\t\t\t<div class=\"elementor-widget-wrap elementor-element-populated\">\n\t\t\t\t\t\t<section class=\"elementor-section elementor-inner-section elementor-element elementor-element-5a62f89f elementor-section-boxed elementor-section-height-default elementor-section-height-default\" data-id=\"5a62f89f\" data-element_type=\"section\" data-e-type=\"section\">\n\t\t\t\t\t\t<div class=\"elementor-container elementor-column-gap-default\">\n\t\t\t\t\t<div class=\"elementor-column elementor-col-33 elementor-inner-column elementor-element elementor-element-2559e0ae\" data-id=\"2559e0ae\" data-element_type=\"column\" data-e-type=\"column\">\n\t\t\t<div class=\"elementor-widget-wrap elementor-element-populated\">\n\t\t\t\t\t\t<div class=\"elementor-element elementor-element-6370b84d elementor-widget elementor-widget-heading\" data-id=\"6370b84d\" data-element_type=\"widget\" data-e-type=\"widget\" data-widget_type=\"heading.default\">\n\t\t\t\t<div class=\"elementor-widget-container\">\n\t\t\t\t\t<h3 class=\"elementor-heading-title elementor-size-default\">Haute-Savoie<\/h3>\t\t\t\t<\/div>\n\t\t\t\t<\/div>\n\t\t\t\t<div class=\"elementor-element elementor-element-5486c88a elementor-widget elementor-widget-heading\" data-id=\"5486c88a\" data-element_type=\"widget\" data-e-type=\"widget\" data-widget_type=\"heading.default\">\n\t\t\t\t<div class=\"elementor-widget-container\">\n\t\t\t\t\t<h3 class=\"elementor-heading-title elementor-size-default\">LOCATION<\/h3>\t\t\t\t<\/div>\n\t\t\t\t<\/div>\n\t\t\t\t\t<\/div>\n\t\t<\/div>\n\t\t\t\t<div class=\"elementor-column elementor-col-33 elementor-inner-column elementor-element elementor-element-4334cbee\" data-id=\"4334cbee\" data-element_type=\"column\" data-e-type=\"column\">\n\t\t\t<div class=\"elementor-widget-wrap elementor-element-populated\">\n\t\t\t\t\t\t<div class=\"elementor-element elementor-element-16eec2f4 elementor-widget elementor-widget-heading\" data-id=\"16eec2f4\" data-element_type=\"widget\" data-e-type=\"widget\" data-widget_type=\"heading.default\">\n\t\t\t\t<div class=\"elementor-widget-container\">\n\t\t\t\t\t<h3 class=\"elementor-heading-title elementor-size-default\">Vinci <\/h3>\t\t\t\t<\/div>\n\t\t\t\t<\/div>\n\t\t\t\t<div class=\"elementor-element elementor-element-3044edb1 elementor-widget elementor-widget-heading\" data-id=\"3044edb1\" data-element_type=\"widget\" data-e-type=\"widget\" data-widget_type=\"heading.default\">\n\t\t\t\t<div class=\"elementor-widget-container\">\n\t\t\t\t\t<h3 class=\"elementor-heading-title elementor-size-default\">CUSTOMER<\/h3>\t\t\t\t<\/div>\n\t\t\t\t<\/div>\n\t\t\t\t\t<\/div>\n\t\t<\/div>\n\t\t\t\t<div class=\"elementor-column elementor-col-33 elementor-inner-column elementor-element elementor-element-31f34236\" data-id=\"31f34236\" data-element_type=\"column\" data-e-type=\"column\">\n\t\t\t<div class=\"elementor-widget-wrap elementor-element-populated\">\n\t\t\t\t\t\t<div class=\"elementor-element elementor-element-6b234436 elementor-widget elementor-widget-heading\" data-id=\"6b234436\" data-element_type=\"widget\" data-e-type=\"widget\" data-widget_type=\"heading.default\">\n\t\t\t\t<div class=\"elementor-widget-container\">\n\t\t\t\t\t<h3 class=\"elementor-heading-title elementor-size-default\">Web <\/h3>\t\t\t\t<\/div>\n\t\t\t\t<\/div>\n\t\t\t\t<div class=\"elementor-element elementor-element-378f36c3 elementor-widget elementor-widget-heading\" data-id=\"378f36c3\" data-element_type=\"widget\" data-e-type=\"widget\" data-widget_type=\"heading.default\">\n\t\t\t\t<div class=\"elementor-widget-container\">\n\t\t\t\t\t<h3 class=\"elementor-heading-title elementor-size-default\">PLATFORM<\/h3>\t\t\t\t<\/div>\n\t\t\t\t<\/div>\n\t\t\t\t\t<\/div>\n\t\t<\/div>\n\t\t\t\t\t<\/div>\n\t\t<\/section>\n\t\t\t\t\t<\/div>\n\t\t<\/div>\n\t\t\t\t\t<\/div>\n\t\t<\/section>\n\t\t\t\t<section class=\"elementor-section elementor-top-section elementor-element elementor-element-64b94340 elementor-section-content-top elementor-section-stretched elementor-section-full_width responsive-columns-section elementor-section-height-default elementor-section-height-default\" data-id=\"64b94340\" data-element_type=\"section\" data-e-type=\"section\" data-settings=\"{&quot;stretch_section&quot;:&quot;section-stretched&quot;,&quot;background_background&quot;:&quot;classic&quot;}\">\n\t\t\t\t\t\t<div class=\"elementor-container elementor-column-gap-default\">\n\t\t\t\t\t<div class=\"elementor-column elementor-col-50 elementor-top-column elementor-element elementor-element-6a00a97d\" data-id=\"6a00a97d\" data-element_type=\"column\" data-e-type=\"column\">\n\t\t\t<div class=\"elementor-widget-wrap elementor-element-populated\">\n\t\t\t\t\t\t<div class=\"elementor-element elementor-element-15a7c727 elementor-widget__width-initial elementor-widget-mobile__width-initial elementor-widget-tablet__width-initial elementor-invisible elementor-widget elementor-widget-text-editor\" data-id=\"15a7c727\" data-element_type=\"widget\" data-e-type=\"widget\" data-settings=\"{&quot;_animation&quot;:&quot;slideInUp&quot;}\" data-widget_type=\"text-editor.default\">\n\t\t\t\t<div class=\"elementor-widget-container\">\n\t\t\t\t\t\t\t\t\t<p>SERVICES<\/p>\t\t\t\t\t\t\t\t<\/div>\n\t\t\t\t<\/div>\n\t\t\t\t<div class=\"elementor-element elementor-element-b4b0011 elementor-widget-divider--view-line elementor-widget elementor-widget-divider\" data-id=\"b4b0011\" data-element_type=\"widget\" data-e-type=\"widget\" data-widget_type=\"divider.default\">\n\t\t\t\t<div class=\"elementor-widget-container\">\n\t\t\t\t\t\t\t<div class=\"elementor-divider\">\n\t\t\t<span class=\"elementor-divider-separator\">\n\t\t\t\t\t\t<\/span>\n\t\t<\/div>\n\t\t\t\t\t\t<\/div>\n\t\t\t\t<\/div>\n\t\t\t\t<div class=\"elementor-element elementor-element-146c8037 elementor-widget__width-initial elementor-widget-tablet__width-initial elementor-widget-mobile__width-initial elementor-invisible elementor-widget elementor-widget-heading\" data-id=\"146c8037\" data-element_type=\"widget\" data-e-type=\"widget\" data-settings=\"{&quot;_animation&quot;:&quot;slideInUp&quot;}\" data-widget_type=\"heading.default\">\n\t\t\t\t<div class=\"elementor-widget-container\">\n\t\t\t\t\t<h1 class=\"elementor-heading-title elementor-size-default\">3D modelling of a complete property development.<\/h1>\t\t\t\t<\/div>\n\t\t\t\t<\/div>\n\t\t\t\t<div class=\"elementor-element elementor-element-3b0af1f0 elementor-widget__width-initial elementor-widget-tablet__width-initial elementor-invisible elementor-widget elementor-widget-text-editor\" data-id=\"3b0af1f0\" data-element_type=\"widget\" data-e-type=\"widget\" data-settings=\"{&quot;_animation&quot;:&quot;slideInUp&quot;}\" data-widget_type=\"text-editor.default\">\n\t\t\t\t<div class=\"elementor-widget-container\">\n\t\t\t\t\t\t\t\t\t<p>Implementation of the project in its environment.<\/p>\n<p>\nDevelopment of an orbital model with a 360\u00b0 view to appreciate the programme as a whole.<\/p>\n<p>New section plan with available flats, 3D views and DWG plans.&nbsp;<\/p>\n<p>\n3D virtual tour of the complete programme with point-to-point movement.<\/p>\t\t\t\t\t\t\t\t<\/div>\n\t\t\t\t<\/div>\n\t\t\t\t\t<\/div>\n\t\t<\/div>\n\t\t\t\t<div class=\"elementor-column elementor-col-50 elementor-top-column elementor-element elementor-element-1d58cb4c\" data-id=\"1d58cb4c\" data-element_type=\"column\" data-e-type=\"column\">\n\t\t\t<div class=\"elementor-widget-wrap elementor-element-populated\">\n\t\t\t\t\t\t<div class=\"elementor-element elementor-element-0317ba0 elementor-widget elementor-widget-eael-image-accordion\" data-id=\"0317ba0\" data-element_type=\"widget\" data-e-type=\"widget\" data-widget_type=\"eael-image-accordion.default\">\n\t\t\t\t<div class=\"elementor-widget-container\">\n\t\t\t\t\t    <div class=\"eael-img-accordion accordion-direction-horizontal eael-img-accordion-horizontal-align-center eael-img-accordion-vertical-align-center\" id=\"eael-img-accordion-0317ba0\" data-img-accordion-id=\"0317ba0\" data-img-accordion-type=\"on-hover\">\n                    \n            <div class=\"eael-image-accordion-hover eael-image-accordion-item\" style=\"background-image: url(https:\/\/vr-solutions.fr\/wp-content\/uploads\/2023\/05\/Screenshot-2023-05-24-at-13-51-52-Tour-e1696595714472.png);\"  tabindex=\"0\">\n                <div class=\"overlay\">\n                                        <div class=\"overlay-inner\">\n                                            <\/div>\n                <\/div>\n            <\/div>\n                    \n            <div class=\"eael-image-accordion-hover eael-image-accordion-item\" style=\"background-image: url(https:\/\/vr-solutions.fr\/wp-content\/uploads\/2023\/05\/Screenshot-2023-05-24-at-13-53-00-Tour.png);\"  tabindex=\"0\">\n                <div class=\"overlay\">\n                                        <div class=\"overlay-inner\">\n                                            <\/div>\n                <\/div>\n            <\/div>\n                    \n            <div class=\"eael-image-accordion-hover eael-image-accordion-item\" style=\"background-image: url(https:\/\/vr-solutions.fr\/wp-content\/uploads\/2023\/05\/Screenshot-2023-05-24-at-13-54-06-Tour-e1700753800612.png);\"  tabindex=\"0\">\n                <div class=\"overlay\">\n                                        <div class=\"overlay-inner\">\n                                            <\/div>\n                <\/div>\n            <\/div>\n                <\/div>\n        <style typr=\"text\/css\">\n                    #eael-img-accordion-0317ba0 .eael-image-accordion-hover:hover {\n                        flex: 3 1 0% !important;\n                    }\n                    #eael-img-accordion-0317ba0 .eael-image-accordion-hover:hover:hover .overlay-inner * {\n                        opacity: 1;\n                        visibility: visible;\n                        transform: none;\n                        transition: all .3s .3s;\n                    }\n                <\/style>\t\t\t\t<\/div>\n\t\t\t\t<\/div>\n\t\t\t\t\t<\/div>\n\t\t<\/div>\n\t\t\t\t\t<\/div>\n\t\t<\/section>\n\t\t\t\t<section class=\"elementor-section elementor-top-section elementor-element elementor-element-3a155015 elementor-section-stretched elementor-section-boxed elementor-section-height-default elementor-section-height-default\" data-id=\"3a155015\" data-element_type=\"section\" data-e-type=\"section\" data-settings=\"{&quot;stretch_section&quot;:&quot;section-stretched&quot;,&quot;background_background&quot;:&quot;classic&quot;}\">\n\t\t\t\t\t\t<div class=\"elementor-container elementor-column-gap-default\">\n\t\t\t\t\t<div class=\"elementor-column elementor-col-100 elementor-top-column elementor-element elementor-element-6ccd22e2\" data-id=\"6ccd22e2\" data-element_type=\"column\" data-e-type=\"column\">\n\t\t\t<div class=\"elementor-widget-wrap elementor-element-populated\">\n\t\t\t\t\t\t<div class=\"elementor-element elementor-element-8c13db5 elementor-widget elementor-widget-html\" data-id=\"8c13db5\" data-element_type=\"widget\" data-e-type=\"widget\" data-widget_type=\"html.default\">\n\t\t\t\t<div class=\"elementor-widget-container\">\n\t\t\t\t\t<iframe src=\"https:\/\/solutions-web.org\/vinci_2022\/#\" width=\"600\" height=\"600\" allow=\"fullscreen\"><\/iframe>\t\t\t\t<\/div>\n\t\t\t\t<\/div>\n\t\t\t\t\t<\/div>\n\t\t<\/div>\n\t\t\t\t\t<\/div>\n\t\t<\/section>\n\t\t\t\t<\/div>","protected":false},"excerpt":{"rendered":"<p>domaine hikari Haute-Savoie LOCALISATION Vinci CLIENT Web SUPPORT PRESTATIONS Mod\u00e9lisation 3D d&rsquo;un programme immobilier complet. Impl\u00e9mentation du projet dans son environnement. D\u00e9veloppement d&rsquo;une maquette orbitale avec vue 360\u00b0 pour appr\u00e9cier le programme dans son ensemble. Ajout d&rsquo;un plan de coupe avec appartements disponibles, vues 3D et plans DWG.&nbsp; Visite virtuelle 3D du programme complet avec [&hellip;]<\/p>\n","protected":false},"author":1,"featured_media":0,"parent":0,"menu_order":0,"comment_status":"closed","ping_status":"closed","template":"","meta":{"ocean_post_layout":"","ocean_both_sidebars_style":"","ocean_both_sidebars_content_width":0,"ocean_both_sidebars_sidebars_width":0,"ocean_sidebar":"0","ocean_second_sidebar":"0","ocean_disable_margins":"enable","ocean_add_body_class":"","ocean_shortcode_before_top_bar":"","ocean_shortcode_after_top_bar":"","ocean_shortcode_before_header":"","ocean_shortcode_after_header":"","ocean_has_shortcode":"","ocean_shortcode_after_title":"","ocean_shortcode_before_footer_widgets":"","ocean_shortcode_after_footer_widgets":"","ocean_shortcode_before_footer_bottom":"","ocean_shortcode_after_footer_bottom":"","ocean_display_top_bar":"default","ocean_display_header":"default","ocean_header_style":"","ocean_center_header_left_menu":"0","ocean_custom_header_template":"0","ocean_custom_logo":0,"ocean_custom_retina_logo":0,"ocean_custom_logo_max_width":0,"ocean_custom_logo_tablet_max_width":0,"ocean_custom_logo_mobile_max_width":0,"ocean_custom_logo_max_height":0,"ocean_custom_logo_tablet_max_height":0,"ocean_custom_logo_mobile_max_height":0,"ocean_header_custom_menu":"0","ocean_menu_typo_font_family":"0","ocean_menu_typo_font_subset":"","ocean_menu_typo_font_size":0,"ocean_menu_typo_font_size_tablet":0,"ocean_menu_typo_font_size_mobile":0,"ocean_menu_typo_font_size_unit":"px","ocean_menu_typo_font_weight":"","ocean_menu_typo_font_weight_tablet":"","ocean_menu_typo_font_weight_mobile":"","ocean_menu_typo_transform":"","ocean_menu_typo_transform_tablet":"","ocean_menu_typo_transform_mobile":"","ocean_menu_typo_line_height":0,"ocean_menu_typo_line_height_tablet":0,"ocean_menu_typo_line_height_mobile":0,"ocean_menu_typo_line_height_unit":"","ocean_menu_typo_spacing":0,"ocean_menu_typo_spacing_tablet":0,"ocean_menu_typo_spacing_mobile":0,"ocean_menu_typo_spacing_unit":"","ocean_menu_link_color":"","ocean_menu_link_color_hover":"","ocean_menu_link_color_active":"","ocean_menu_link_background":"","ocean_menu_link_hover_background":"","ocean_menu_link_active_background":"","ocean_menu_social_links_bg":"","ocean_menu_social_hover_links_bg":"","ocean_menu_social_links_color":"","ocean_menu_social_hover_links_color":"","ocean_disable_title":"default","ocean_disable_heading":"default","ocean_post_title":"","ocean_post_subheading":"","ocean_post_title_style":"","ocean_post_title_background_color":"","ocean_post_title_background":0,"ocean_post_title_bg_image_position":"","ocean_post_title_bg_image_attachment":"","ocean_post_title_bg_image_repeat":"","ocean_post_title_bg_image_size":"","ocean_post_title_height":0,"ocean_post_title_bg_overlay":0.5,"ocean_post_title_bg_overlay_color":"","ocean_disable_breadcrumbs":"default","ocean_breadcrumbs_color":"","ocean_breadcrumbs_separator_color":"","ocean_breadcrumbs_links_color":"","ocean_breadcrumbs_links_hover_color":"","ocean_display_footer_widgets":"default","ocean_display_footer_bottom":"default","ocean_custom_footer_template":"0","footnotes":""},"class_list":["post-4020","page","type-page","status-publish","hentry","entry"],"yoast_head":"<!-- This site is optimized with the Yoast SEO plugin v27.3 - https:\/\/yoast.com\/product\/yoast-seo-wordpress\/ -->\n<title>Domaine Hikari - VR-Solutions<\/title>\n<meta name=\"robots\" content=\"noindex, follow\" \/>\n<meta property=\"og:locale\" content=\"en_GB\" \/>\n<meta property=\"og:type\" content=\"article\" \/>\n<meta property=\"og:title\" content=\"Domaine Hikari - VR-Solutions\" \/>\n<meta property=\"og:description\" content=\"domaine hikari Haute-Savoie LOCALISATION Vinci CLIENT Web SUPPORT PRESTATIONS Mod\u00e9lisation 3D d&rsquo;un programme immobilier complet. Impl\u00e9mentation du projet dans son environnement. D\u00e9veloppement d&rsquo;une maquette orbitale avec vue 360\u00b0 pour appr\u00e9cier le programme dans son ensemble. Ajout d&rsquo;un plan de coupe avec appartements disponibles, vues 3D et plans DWG.&nbsp; Visite virtuelle 3D du programme complet avec [&hellip;]\" \/>\n<meta property=\"og:url\" content=\"https:\/\/vr-solutions.fr\/en\/domaine-hikari\/\" \/>\n<meta property=\"og:site_name\" content=\"VR-Solutions\" \/>\n<meta property=\"article:modified_time\" content=\"2024-02-29T10:11:14+00:00\" \/>\n<meta name=\"twitter:card\" content=\"summary_large_image\" \/>\n<meta name=\"twitter:label1\" content=\"Estimated reading time\" \/>\n\t<meta name=\"twitter:data1\" content=\"1 minute\" \/>\n<script type=\"application\/ld+json\" class=\"yoast-schema-graph\">{\"@context\":\"https:\\\/\\\/schema.org\",\"@graph\":[{\"@type\":\"WebPage\",\"@id\":\"https:\\\/\\\/vr-solutions.fr\\\/domaine-hikari\\\/\",\"url\":\"https:\\\/\\\/vr-solutions.fr\\\/domaine-hikari\\\/\",\"name\":\"Domaine Hikari - VR-Solutions\",\"isPartOf\":{\"@id\":\"https:\\\/\\\/vr-solutions.fr\\\/en\\\/#website\"},\"datePublished\":\"2024-02-16T19:32:24+00:00\",\"dateModified\":\"2024-02-29T10:11:14+00:00\",\"breadcrumb\":{\"@id\":\"https:\\\/\\\/vr-solutions.fr\\\/domaine-hikari\\\/#breadcrumb\"},\"inLanguage\":\"en-GB\",\"potentialAction\":[{\"@type\":\"ReadAction\",\"target\":[\"https:\\\/\\\/vr-solutions.fr\\\/domaine-hikari\\\/\"]}]},{\"@type\":\"BreadcrumbList\",\"@id\":\"https:\\\/\\\/vr-solutions.fr\\\/domaine-hikari\\\/#breadcrumb\",\"itemListElement\":[{\"@type\":\"ListItem\",\"position\":1,\"name\":\"Home\",\"item\":\"https:\\\/\\\/vr-solutions.fr\\\/\"},{\"@type\":\"ListItem\",\"position\":2,\"name\":\"Domaine Hikari\"}]},{\"@type\":\"WebSite\",\"@id\":\"https:\\\/\\\/vr-solutions.fr\\\/en\\\/#website\",\"url\":\"https:\\\/\\\/vr-solutions.fr\\\/en\\\/\",\"name\":\"VR Solutions\",\"description\":\"\",\"publisher\":{\"@id\":\"https:\\\/\\\/vr-solutions.fr\\\/en\\\/#organization\"},\"potentialAction\":[{\"@type\":\"SearchAction\",\"target\":{\"@type\":\"EntryPoint\",\"urlTemplate\":\"https:\\\/\\\/vr-solutions.fr\\\/en\\\/?s={search_term_string}\"},\"query-input\":{\"@type\":\"PropertyValueSpecification\",\"valueRequired\":true,\"valueName\":\"search_term_string\"}}],\"inLanguage\":\"en-GB\"},{\"@type\":\"Organization\",\"@id\":\"https:\\\/\\\/vr-solutions.fr\\\/en\\\/#organization\",\"name\":\"VR Solutions\",\"url\":\"https:\\\/\\\/vr-solutions.fr\\\/en\\\/\",\"logo\":{\"@type\":\"ImageObject\",\"inLanguage\":\"en-GB\",\"@id\":\"https:\\\/\\\/vr-solutions.fr\\\/en\\\/#\\\/schema\\\/logo\\\/image\\\/\",\"url\":\"https:\\\/\\\/vr-solutions.fr\\\/wp-content\\\/uploads\\\/2023\\\/01\\\/LOGO-N-1200px-PNG-e1705936122838.png\",\"contentUrl\":\"https:\\\/\\\/vr-solutions.fr\\\/wp-content\\\/uploads\\\/2023\\\/01\\\/LOGO-N-1200px-PNG-e1705936122838.png\",\"width\":1126,\"height\":402,\"caption\":\"VR Solutions\"},\"image\":{\"@id\":\"https:\\\/\\\/vr-solutions.fr\\\/en\\\/#\\\/schema\\\/logo\\\/image\\\/\"}}]}<\/script>\n<!-- \/ Yoast SEO plugin. -->","yoast_head_json":{"title":"Domaine Hikari - VR-Solutions","robots":{"index":"noindex","follow":"follow"},"og_locale":"en_GB","og_type":"article","og_title":"Domaine Hikari - VR-Solutions","og_description":"domaine hikari Haute-Savoie LOCALISATION Vinci CLIENT Web SUPPORT PRESTATIONS Mod\u00e9lisation 3D d&rsquo;un programme immobilier complet. Impl\u00e9mentation du projet dans son environnement. D\u00e9veloppement d&rsquo;une maquette orbitale avec vue 360\u00b0 pour appr\u00e9cier le programme dans son ensemble. Ajout d&rsquo;un plan de coupe avec appartements disponibles, vues 3D et plans DWG.&nbsp; Visite virtuelle 3D du programme complet avec [&hellip;]","og_url":"https:\/\/vr-solutions.fr\/en\/domaine-hikari\/","og_site_name":"VR-Solutions","article_modified_time":"2024-02-29T10:11:14+00:00","twitter_card":"summary_large_image","twitter_misc":{"Estimated reading time":"1 minute"},"schema":{"@context":"https:\/\/schema.org","@graph":[{"@type":"WebPage","@id":"https:\/\/vr-solutions.fr\/domaine-hikari\/","url":"https:\/\/vr-solutions.fr\/domaine-hikari\/","name":"Domaine Hikari - VR-Solutions","isPartOf":{"@id":"https:\/\/vr-solutions.fr\/en\/#website"},"datePublished":"2024-02-16T19:32:24+00:00","dateModified":"2024-02-29T10:11:14+00:00","breadcrumb":{"@id":"https:\/\/vr-solutions.fr\/domaine-hikari\/#breadcrumb"},"inLanguage":"en-GB","potentialAction":[{"@type":"ReadAction","target":["https:\/\/vr-solutions.fr\/domaine-hikari\/"]}]},{"@type":"BreadcrumbList","@id":"https:\/\/vr-solutions.fr\/domaine-hikari\/#breadcrumb","itemListElement":[{"@type":"ListItem","position":1,"name":"Home","item":"https:\/\/vr-solutions.fr\/"},{"@type":"ListItem","position":2,"name":"Domaine Hikari"}]},{"@type":"WebSite","@id":"https:\/\/vr-solutions.fr\/en\/#website","url":"https:\/\/vr-solutions.fr\/en\/","name":"VR Solutions","description":"","publisher":{"@id":"https:\/\/vr-solutions.fr\/en\/#organization"},"potentialAction":[{"@type":"SearchAction","target":{"@type":"EntryPoint","urlTemplate":"https:\/\/vr-solutions.fr\/en\/?s={search_term_string}"},"query-input":{"@type":"PropertyValueSpecification","valueRequired":true,"valueName":"search_term_string"}}],"inLanguage":"en-GB"},{"@type":"Organization","@id":"https:\/\/vr-solutions.fr\/en\/#organization","name":"VR Solutions","url":"https:\/\/vr-solutions.fr\/en\/","logo":{"@type":"ImageObject","inLanguage":"en-GB","@id":"https:\/\/vr-solutions.fr\/en\/#\/schema\/logo\/image\/","url":"https:\/\/vr-solutions.fr\/wp-content\/uploads\/2023\/01\/LOGO-N-1200px-PNG-e1705936122838.png","contentUrl":"https:\/\/vr-solutions.fr\/wp-content\/uploads\/2023\/01\/LOGO-N-1200px-PNG-e1705936122838.png","width":1126,"height":402,"caption":"VR Solutions"},"image":{"@id":"https:\/\/vr-solutions.fr\/en\/#\/schema\/logo\/image\/"}}]}},"_links":{"self":[{"href":"https:\/\/vr-solutions.fr\/en\/wp-json\/wp\/v2\/pages\/4020","targetHints":{"allow":["GET"]}}],"collection":[{"href":"https:\/\/vr-solutions.fr\/en\/wp-json\/wp\/v2\/pages"}],"about":[{"href":"https:\/\/vr-solutions.fr\/en\/wp-json\/wp\/v2\/types\/page"}],"author":[{"embeddable":true,"href":"https:\/\/vr-solutions.fr\/en\/wp-json\/wp\/v2\/users\/1"}],"replies":[{"embeddable":true,"href":"https:\/\/vr-solutions.fr\/en\/wp-json\/wp\/v2\/comments?post=4020"}],"version-history":[{"count":0,"href":"https:\/\/vr-solutions.fr\/en\/wp-json\/wp\/v2\/pages\/4020\/revisions"}],"wp:attachment":[{"href":"https:\/\/vr-solutions.fr\/en\/wp-json\/wp\/v2\/media?parent=4020"}],"curies":[{"name":"wp","href":"https:\/\/api.w.org\/{rel}","templated":true}]}}