{"id":4249,"date":"2024-02-19T14:16:01","date_gmt":"2024-02-19T14:16:01","guid":{"rendered":"https:\/\/vr-solutions.fr\/?page_id=4249"},"modified":"2024-02-29T10:12:50","modified_gmt":"2024-02-29T10:12:50","slug":"configurateur-fdi","status":"publish","type":"page","link":"https:\/\/vr-solutions.fr\/en\/configurateur-fdi\/","title":{"rendered":"FDI configurateur"},"content":{"rendered":"<div data-elementor-type=\"wp-page\" data-elementor-id=\"4249\" class=\"elementor elementor-4249\" data-elementor-post-type=\"page\">\n\t\t\t\t\t\t<section class=\"elementor-section elementor-top-section elementor-element elementor-element-363a5143 elementor-section-full_width elementor-section-stretched elementor-section-height-min-height elementor-section-height-default elementor-section-items-middle\" data-id=\"363a5143\" data-element_type=\"section\" data-e-type=\"section\" data-settings=\"{&quot;stretch_section&quot;:&quot;section-stretched&quot;,&quot;background_background&quot;:&quot;classic&quot;}\">\n\t\t\t\t\t\t\t<div class=\"elementor-background-overlay\"><\/div>\n\t\t\t\t\t\t\t<div class=\"elementor-container elementor-column-gap-default\">\n\t\t\t\t\t<div class=\"elementor-column elementor-col-100 elementor-top-column elementor-element elementor-element-3401b025\" data-id=\"3401b025\" data-element_type=\"column\" data-e-type=\"column\">\n\t\t\t<div class=\"elementor-widget-wrap elementor-element-populated\">\n\t\t\t\t\t\t<div class=\"elementor-element elementor-element-1cd37448 elementor-widget-mobile__width-initial elementor-widget elementor-widget-heading\" data-id=\"1cd37448\" data-element_type=\"widget\" data-e-type=\"widget\" data-widget_type=\"heading.default\">\n\t\t\t\t<div class=\"elementor-widget-container\">\n\t\t\t\t\t<h1 class=\"elementor-heading-title elementor-size-default\">configurateur 3D<\/h1>\t\t\t\t<\/div>\n\t\t\t\t<\/div>\n\t\t\t\t\t<\/div>\n\t\t<\/div>\n\t\t\t\t\t<\/div>\n\t\t<\/section>\n\t\t\t\t<section class=\"elementor-section elementor-top-section elementor-element elementor-element-39a02038 elementor-section-height-min-height elementor-section-items-stretch elementor-section-content-middle elementor-section-stretched elementor-section-boxed elementor-section-height-default\" data-id=\"39a02038\" data-element_type=\"section\" data-e-type=\"section\" data-settings=\"{&quot;stretch_section&quot;:&quot;section-stretched&quot;}\">\n\t\t\t\t\t\t<div class=\"elementor-container elementor-column-gap-default\">\n\t\t\t\t\t<div class=\"elementor-column elementor-col-100 elementor-top-column elementor-element elementor-element-42633b10\" data-id=\"42633b10\" data-element_type=\"column\" data-e-type=\"column\" data-settings=\"{&quot;background_background&quot;:&quot;classic&quot;}\">\n\t\t\t<div class=\"elementor-widget-wrap elementor-element-populated\">\n\t\t\t\t\t\t<section class=\"elementor-section elementor-inner-section elementor-element elementor-element-742464b2 elementor-section-boxed elementor-section-height-default elementor-section-height-default\" data-id=\"742464b2\" data-element_type=\"section\" data-e-type=\"section\">\n\t\t\t\t\t\t<div class=\"elementor-container elementor-column-gap-default\">\n\t\t\t\t\t<div class=\"elementor-column elementor-col-33 elementor-inner-column elementor-element elementor-element-7dd4a450\" data-id=\"7dd4a450\" data-element_type=\"column\" data-e-type=\"column\">\n\t\t\t<div class=\"elementor-widget-wrap elementor-element-populated\">\n\t\t\t\t\t\t<div class=\"elementor-element elementor-element-3075ba53 elementor-widget elementor-widget-heading\" data-id=\"3075ba53\" data-element_type=\"widget\" data-e-type=\"widget\" data-widget_type=\"heading.default\">\n\t\t\t\t<div class=\"elementor-widget-container\">\n\t\t\t\t\t<h3 class=\"elementor-heading-title elementor-size-default\">Montpellier<\/h3>\t\t\t\t<\/div>\n\t\t\t\t<\/div>\n\t\t\t\t<div class=\"elementor-element elementor-element-6385ca0 elementor-widget elementor-widget-heading\" data-id=\"6385ca0\" data-element_type=\"widget\" data-e-type=\"widget\" data-widget_type=\"heading.default\">\n\t\t\t\t<div class=\"elementor-widget-container\">\n\t\t\t\t\t<h3 class=\"elementor-heading-title elementor-size-default\">LOCATION<\/h3>\t\t\t\t<\/div>\n\t\t\t\t<\/div>\n\t\t\t\t\t<\/div>\n\t\t<\/div>\n\t\t\t\t<div class=\"elementor-column elementor-col-33 elementor-inner-column elementor-element elementor-element-4c14099f\" data-id=\"4c14099f\" data-element_type=\"column\" data-e-type=\"column\">\n\t\t\t<div class=\"elementor-widget-wrap elementor-element-populated\">\n\t\t\t\t\t\t<div class=\"elementor-element elementor-element-1535c7ec elementor-widget elementor-widget-heading\" data-id=\"1535c7ec\" data-element_type=\"widget\" data-e-type=\"widget\" data-widget_type=\"heading.default\">\n\t\t\t\t<div class=\"elementor-widget-container\">\n\t\t\t\t\t<h3 class=\"elementor-heading-title elementor-size-default\">FDI Promotion<\/h3>\t\t\t\t<\/div>\n\t\t\t\t<\/div>\n\t\t\t\t<div class=\"elementor-element elementor-element-5823bd58 elementor-widget elementor-widget-heading\" data-id=\"5823bd58\" data-element_type=\"widget\" data-e-type=\"widget\" data-widget_type=\"heading.default\">\n\t\t\t\t<div class=\"elementor-widget-container\">\n\t\t\t\t\t<h3 class=\"elementor-heading-title elementor-size-default\">CUSTOMER<\/h3>\t\t\t\t<\/div>\n\t\t\t\t<\/div>\n\t\t\t\t\t<\/div>\n\t\t<\/div>\n\t\t\t\t<div class=\"elementor-column elementor-col-33 elementor-inner-column elementor-element elementor-element-4e810f91\" data-id=\"4e810f91\" data-element_type=\"column\" data-e-type=\"column\">\n\t\t\t<div class=\"elementor-widget-wrap elementor-element-populated\">\n\t\t\t\t\t\t<div class=\"elementor-element elementor-element-fafa059 elementor-widget elementor-widget-heading\" data-id=\"fafa059\" data-element_type=\"widget\" data-e-type=\"widget\" data-widget_type=\"heading.default\">\n\t\t\t\t<div class=\"elementor-widget-container\">\n\t\t\t\t\t<h3 class=\"elementor-heading-title elementor-size-default\">Web and .exe<\/h3>\t\t\t\t<\/div>\n\t\t\t\t<\/div>\n\t\t\t\t<div class=\"elementor-element elementor-element-58dee526 elementor-widget elementor-widget-heading\" data-id=\"58dee526\" data-element_type=\"widget\" data-e-type=\"widget\" data-widget_type=\"heading.default\">\n\t\t\t\t<div class=\"elementor-widget-container\">\n\t\t\t\t\t<h3 class=\"elementor-heading-title elementor-size-default\">PLATFORM<\/h3>\t\t\t\t<\/div>\n\t\t\t\t<\/div>\n\t\t\t\t\t<\/div>\n\t\t<\/div>\n\t\t\t\t\t<\/div>\n\t\t<\/section>\n\t\t\t\t\t<\/div>\n\t\t<\/div>\n\t\t\t\t\t<\/div>\n\t\t<\/section>\n\t\t\t\t<section class=\"elementor-section elementor-top-section elementor-element elementor-element-5471b3c2 elementor-section-content-top elementor-section-stretched elementor-section-full_width responsive-columns-section elementor-section-height-default elementor-section-height-default\" data-id=\"5471b3c2\" data-element_type=\"section\" data-e-type=\"section\" data-settings=\"{&quot;stretch_section&quot;:&quot;section-stretched&quot;,&quot;background_background&quot;:&quot;classic&quot;}\">\n\t\t\t\t\t\t<div class=\"elementor-container elementor-column-gap-default\">\n\t\t\t\t\t<div class=\"elementor-column elementor-col-50 elementor-top-column elementor-element elementor-element-7ac26340\" data-id=\"7ac26340\" data-element_type=\"column\" data-e-type=\"column\" data-settings=\"{&quot;background_background&quot;:&quot;classic&quot;}\">\n\t\t\t<div class=\"elementor-widget-wrap elementor-element-populated\">\n\t\t\t\t\t\t<div class=\"elementor-element elementor-element-6ccdefe2 elementor-widget__width-initial elementor-widget-mobile__width-initial elementor-widget-tablet__width-initial elementor-invisible elementor-widget elementor-widget-text-editor\" data-id=\"6ccdefe2\" data-element_type=\"widget\" data-e-type=\"widget\" data-settings=\"{&quot;_animation&quot;:&quot;slideInUp&quot;}\" data-widget_type=\"text-editor.default\">\n\t\t\t\t<div class=\"elementor-widget-container\">\n\t\t\t\t\t\t\t\t\t<p>SERVICES<\/p>\t\t\t\t\t\t\t\t<\/div>\n\t\t\t\t<\/div>\n\t\t\t\t<div class=\"elementor-element elementor-element-2799474 elementor-widget-divider--view-line elementor-widget elementor-widget-divider\" data-id=\"2799474\" data-element_type=\"widget\" data-e-type=\"widget\" data-widget_type=\"divider.default\">\n\t\t\t\t<div class=\"elementor-widget-container\">\n\t\t\t\t\t\t\t<div class=\"elementor-divider\">\n\t\t\t<span class=\"elementor-divider-separator\">\n\t\t\t\t\t\t<\/span>\n\t\t<\/div>\n\t\t\t\t\t\t<\/div>\n\t\t\t\t<\/div>\n\t\t\t\t<div class=\"elementor-element elementor-element-66fa09fd elementor-widget__width-initial elementor-widget-tablet__width-initial elementor-invisible elementor-widget elementor-widget-heading\" data-id=\"66fa09fd\" data-element_type=\"widget\" data-e-type=\"widget\" data-settings=\"{&quot;_animation&quot;:&quot;slideInUp&quot;}\" data-widget_type=\"heading.default\">\n\t\t\t\t<div class=\"elementor-widget-container\">\n\t\t\t\t\t<h1 class=\"elementor-heading-title elementor-size-default\">Modelling of a new flat and 3d configurator.<\/h1>\t\t\t\t<\/div>\n\t\t\t\t<\/div>\n\t\t\t\t<div class=\"elementor-element elementor-element-6c3b9c60 elementor-widget__width-initial elementor-widget-tablet__width-initial elementor-invisible elementor-widget elementor-widget-text-editor\" data-id=\"6c3b9c60\" data-element_type=\"widget\" data-e-type=\"widget\" data-settings=\"{&quot;_animation&quot;:&quot;slideInUp&quot;}\" data-widget_type=\"text-editor.default\">\n\t\t\t\t<div class=\"elementor-widget-container\">\n\t\t\t\t\t\t\t\t\t<p>Creation of a 3D configurator accessible via the web, bringing together several of the group's residences.<\/p>\n<p>Modelling of the full catalogue of services offered by the developer.<\/p>\n<p>Change materials and assets in real time.<\/p>\n<p>Customise the interior design according to the residence.<\/p>\t\t\t\t\t\t\t\t<\/div>\n\t\t\t\t<\/div>\n\t\t\t\t\t<\/div>\n\t\t<\/div>\n\t\t\t\t<div class=\"elementor-column elementor-col-50 elementor-top-column elementor-element elementor-element-6bcbf1da\" data-id=\"6bcbf1da\" data-element_type=\"column\" data-e-type=\"column\">\n\t\t\t<div class=\"elementor-widget-wrap elementor-element-populated\">\n\t\t\t\t\t\t<div class=\"elementor-element elementor-element-c8359cf elementor-widget__width-initial elementor-widget elementor-widget-eael-image-accordion\" data-id=\"c8359cf\" data-element_type=\"widget\" data-e-type=\"widget\" data-widget_type=\"eael-image-accordion.default\">\n\t\t\t\t<div class=\"elementor-widget-container\">\n\t\t\t\t\t    <div class=\"eael-img-accordion accordion-direction-horizontal eael-img-accordion-horizontal-align-center eael-img-accordion-vertical-align-center\" id=\"eael-img-accordion-c8359cf\" data-img-accordion-id=\"c8359cf\" data-img-accordion-type=\"on-hover\">\n                    \n            <div class=\"eael-image-accordion-hover eael-image-accordion-item\" style=\"background-image: url(https:\/\/vr-solutions.fr\/wp-content\/uploads\/2023\/11\/Render_Livingroom-1024x512-1.jpg);\"  tabindex=\"0\">\n                <div class=\"overlay\">\n                                        <div class=\"overlay-inner\">\n                                            <\/div>\n                <\/div>\n            <\/div>\n                    \n            <div class=\"eael-image-accordion-hover eael-image-accordion-item\" style=\"background-image: url(https:\/\/vr-solutions.fr\/wp-content\/uploads\/2024\/02\/Render_Bedroom1-1024x512-1.jpg);\"  tabindex=\"0\">\n                <div class=\"overlay\">\n                                        <div class=\"overlay-inner\">\n                                            <\/div>\n                <\/div>\n            <\/div>\n                    \n            <div class=\"eael-image-accordion-hover eael-image-accordion-item\" style=\"background-image: url(https:\/\/vr-solutions.fr\/wp-content\/uploads\/2024\/02\/Render_Bedroom2-1024x512-1.jpg);\"  tabindex=\"0\">\n                <div class=\"overlay\">\n                                        <div class=\"overlay-inner\">\n                                            <\/div>\n                <\/div>\n            <\/div>\n                <\/div>\n        <style typr=\"text\/css\">\n                    #eael-img-accordion-c8359cf .eael-image-accordion-hover:hover {\n                        flex: 3 1 0% !important;\n                    }\n                    #eael-img-accordion-c8359cf .eael-image-accordion-hover:hover:hover .overlay-inner * {\n                        opacity: 1;\n                        visibility: visible;\n                        transform: none;\n                        transition: all .3s .3s;\n                    }\n                <\/style>\t\t\t\t<\/div>\n\t\t\t\t<\/div>\n\t\t\t\t\t<\/div>\n\t\t<\/div>\n\t\t\t\t\t<\/div>\n\t\t<\/section>\n\t\t\t\t<section class=\"elementor-section elementor-top-section elementor-element elementor-element-2823b343 elementor-section-stretched elementor-section-boxed elementor-section-height-default elementor-section-height-default\" data-id=\"2823b343\" data-element_type=\"section\" data-e-type=\"section\" data-settings=\"{&quot;stretch_section&quot;:&quot;section-stretched&quot;,&quot;background_background&quot;:&quot;classic&quot;}\">\n\t\t\t\t\t\t<div class=\"elementor-container elementor-column-gap-default\">\n\t\t\t\t\t<div class=\"elementor-column elementor-col-100 elementor-top-column elementor-element elementor-element-77732d8b\" data-id=\"77732d8b\" data-element_type=\"column\" data-e-type=\"column\">\n\t\t\t<div class=\"elementor-widget-wrap elementor-element-populated\">\n\t\t\t\t\t\t<div class=\"elementor-element elementor-element-aa431af elementor-widget elementor-widget-html\" data-id=\"aa431af\" data-element_type=\"widget\" data-e-type=\"widget\" data-widget_type=\"html.default\">\n\t\t\t\t<div class=\"elementor-widget-container\">\n\t\t\t\t\t<iframe src=\"https:\/\/fdi.vr-solutions.fr\/\" width=\"600\" height=\"600\" allow=\"fullscreen\"><\/iframe>\t\t\t\t<\/div>\n\t\t\t\t<\/div>\n\t\t\t\t\t<\/div>\n\t\t<\/div>\n\t\t\t\t\t<\/div>\n\t\t<\/section>\n\t\t\t\t<\/div>","protected":false},"excerpt":{"rendered":"<p>configurateur 3D Montpellier LOCALISATION FDI Promotion CLIENT Web et .exe SUPPORTS PRESTATIONS Mod\u00e9lisation d&rsquo;un Appartement neuf et configurateur 3d. Cr\u00e9ation d&rsquo;un configurateur 3D accessible depuis le web regroupant plusieurs r\u00e9sidences du groupe. Mod\u00e9lisation du catalogue complet des prestations propos\u00e9es par le promoteur. Changement des mat\u00e9riaux et assets en temps r\u00e9el. Personnalisation du design int\u00e9rieur en [&hellip;]<\/p>\n","protected":false},"author":1,"featured_media":0,"parent":0,"menu_order":0,"comment_status":"closed","ping_status":"closed","template":"","meta":{"ocean_post_layout":"","ocean_both_sidebars_style":"","ocean_both_sidebars_content_width":0,"ocean_both_sidebars_sidebars_width":0,"ocean_sidebar":"0","ocean_second_sidebar":"0","ocean_disable_margins":"enable","ocean_add_body_class":"","ocean_shortcode_before_top_bar":"","ocean_shortcode_after_top_bar":"","ocean_shortcode_before_header":"","ocean_shortcode_after_header":"","ocean_has_shortcode":"","ocean_shortcode_after_title":"","ocean_shortcode_before_footer_widgets":"","ocean_shortcode_after_footer_widgets":"","ocean_shortcode_before_footer_bottom":"","ocean_shortcode_after_footer_bottom":"","ocean_display_top_bar":"default","ocean_display_header":"default","ocean_header_style":"","ocean_center_header_left_menu":"0","ocean_custom_header_template":"0","ocean_custom_logo":0,"ocean_custom_retina_logo":0,"ocean_custom_logo_max_width":0,"ocean_custom_logo_tablet_max_width":0,"ocean_custom_logo_mobile_max_width":0,"ocean_custom_logo_max_height":0,"ocean_custom_logo_tablet_max_height":0,"ocean_custom_logo_mobile_max_height":0,"ocean_header_custom_menu":"0","ocean_menu_typo_font_family":"0","ocean_menu_typo_font_subset":"","ocean_menu_typo_font_size":0,"ocean_menu_typo_font_size_tablet":0,"ocean_menu_typo_font_size_mobile":0,"ocean_menu_typo_font_size_unit":"px","ocean_menu_typo_font_weight":"","ocean_menu_typo_font_weight_tablet":"","ocean_menu_typo_font_weight_mobile":"","ocean_menu_typo_transform":"","ocean_menu_typo_transform_tablet":"","ocean_menu_typo_transform_mobile":"","ocean_menu_typo_line_height":0,"ocean_menu_typo_line_height_tablet":0,"ocean_menu_typo_line_height_mobile":0,"ocean_menu_typo_line_height_unit":"","ocean_menu_typo_spacing":0,"ocean_menu_typo_spacing_tablet":0,"ocean_menu_typo_spacing_mobile":0,"ocean_menu_typo_spacing_unit":"","ocean_menu_link_color":"","ocean_menu_link_color_hover":"","ocean_menu_link_color_active":"","ocean_menu_link_background":"","ocean_menu_link_hover_background":"","ocean_menu_link_active_background":"","ocean_menu_social_links_bg":"","ocean_menu_social_hover_links_bg":"","ocean_menu_social_links_color":"","ocean_menu_social_hover_links_color":"","ocean_disable_title":"default","ocean_disable_heading":"default","ocean_post_title":"","ocean_post_subheading":"","ocean_post_title_style":"","ocean_post_title_background_color":"","ocean_post_title_background":0,"ocean_post_title_bg_image_position":"","ocean_post_title_bg_image_attachment":"","ocean_post_title_bg_image_repeat":"","ocean_post_title_bg_image_size":"","ocean_post_title_height":0,"ocean_post_title_bg_overlay":0.5,"ocean_post_title_bg_overlay_color":"","ocean_disable_breadcrumbs":"default","ocean_breadcrumbs_color":"","ocean_breadcrumbs_separator_color":"","ocean_breadcrumbs_links_color":"","ocean_breadcrumbs_links_hover_color":"","ocean_display_footer_widgets":"default","ocean_display_footer_bottom":"default","ocean_custom_footer_template":"0","footnotes":""},"class_list":["post-4249","page","type-page","status-publish","hentry","entry"],"yoast_head":"<!-- This site is optimized with the Yoast SEO plugin v27.4 - https:\/\/yoast.com\/product\/yoast-seo-wordpress\/ -->\n<title>FDI configurateur - VR-Solutions<\/title>\n<meta name=\"robots\" content=\"noindex, follow\" \/>\n<meta property=\"og:locale\" content=\"en_GB\" \/>\n<meta property=\"og:type\" content=\"article\" \/>\n<meta property=\"og:title\" content=\"FDI configurateur - VR-Solutions\" \/>\n<meta property=\"og:description\" content=\"configurateur 3D Montpellier LOCALISATION FDI Promotion CLIENT Web et .exe SUPPORTS PRESTATIONS Mod\u00e9lisation d&rsquo;un Appartement neuf et configurateur 3d. Cr\u00e9ation d&rsquo;un configurateur 3D accessible depuis le web regroupant plusieurs r\u00e9sidences du groupe. Mod\u00e9lisation du catalogue complet des prestations propos\u00e9es par le promoteur. Changement des mat\u00e9riaux et assets en temps r\u00e9el. Personnalisation du design int\u00e9rieur en [&hellip;]\" \/>\n<meta property=\"og:url\" content=\"https:\/\/vr-solutions.fr\/en\/configurateur-fdi\/\" \/>\n<meta property=\"og:site_name\" content=\"VR-Solutions\" \/>\n<meta property=\"article:modified_time\" content=\"2024-02-29T10:12:50+00:00\" \/>\n<meta name=\"twitter:card\" content=\"summary_large_image\" \/>\n<meta name=\"twitter:label1\" content=\"Estimated reading time\" \/>\n\t<meta name=\"twitter:data1\" content=\"1 minute\" \/>\n<script type=\"application\/ld+json\" class=\"yoast-schema-graph\">{\"@context\":\"https:\\\/\\\/schema.org\",\"@graph\":[{\"@type\":\"WebPage\",\"@id\":\"https:\\\/\\\/vr-solutions.fr\\\/configurateur-fdi\\\/\",\"url\":\"https:\\\/\\\/vr-solutions.fr\\\/configurateur-fdi\\\/\",\"name\":\"FDI configurateur - VR-Solutions\",\"isPartOf\":{\"@id\":\"https:\\\/\\\/vr-solutions.fr\\\/en\\\/#website\"},\"datePublished\":\"2024-02-19T14:16:01+00:00\",\"dateModified\":\"2024-02-29T10:12:50+00:00\",\"breadcrumb\":{\"@id\":\"https:\\\/\\\/vr-solutions.fr\\\/configurateur-fdi\\\/#breadcrumb\"},\"inLanguage\":\"en-GB\",\"potentialAction\":[{\"@type\":\"ReadAction\",\"target\":[\"https:\\\/\\\/vr-solutions.fr\\\/configurateur-fdi\\\/\"]}]},{\"@type\":\"BreadcrumbList\",\"@id\":\"https:\\\/\\\/vr-solutions.fr\\\/configurateur-fdi\\\/#breadcrumb\",\"itemListElement\":[{\"@type\":\"ListItem\",\"position\":1,\"name\":\"Home\",\"item\":\"https:\\\/\\\/vr-solutions.fr\\\/\"},{\"@type\":\"ListItem\",\"position\":2,\"name\":\"FDI configurateur\"}]},{\"@type\":\"WebSite\",\"@id\":\"https:\\\/\\\/vr-solutions.fr\\\/en\\\/#website\",\"url\":\"https:\\\/\\\/vr-solutions.fr\\\/en\\\/\",\"name\":\"VR Solutions\",\"description\":\"\",\"publisher\":{\"@id\":\"https:\\\/\\\/vr-solutions.fr\\\/en\\\/#organization\"},\"potentialAction\":[{\"@type\":\"SearchAction\",\"target\":{\"@type\":\"EntryPoint\",\"urlTemplate\":\"https:\\\/\\\/vr-solutions.fr\\\/en\\\/?s={search_term_string}\"},\"query-input\":{\"@type\":\"PropertyValueSpecification\",\"valueRequired\":true,\"valueName\":\"search_term_string\"}}],\"inLanguage\":\"en-GB\"},{\"@type\":\"Organization\",\"@id\":\"https:\\\/\\\/vr-solutions.fr\\\/en\\\/#organization\",\"name\":\"VR Solutions\",\"url\":\"https:\\\/\\\/vr-solutions.fr\\\/en\\\/\",\"logo\":{\"@type\":\"ImageObject\",\"inLanguage\":\"en-GB\",\"@id\":\"https:\\\/\\\/vr-solutions.fr\\\/en\\\/#\\\/schema\\\/logo\\\/image\\\/\",\"url\":\"https:\\\/\\\/vr-solutions.fr\\\/wp-content\\\/uploads\\\/2023\\\/01\\\/LOGO-N-1200px-PNG-e1705936122838.png\",\"contentUrl\":\"https:\\\/\\\/vr-solutions.fr\\\/wp-content\\\/uploads\\\/2023\\\/01\\\/LOGO-N-1200px-PNG-e1705936122838.png\",\"width\":1126,\"height\":402,\"caption\":\"VR Solutions\"},\"image\":{\"@id\":\"https:\\\/\\\/vr-solutions.fr\\\/en\\\/#\\\/schema\\\/logo\\\/image\\\/\"}}]}<\/script>\n<!-- \/ Yoast SEO plugin. -->","yoast_head_json":{"title":"FDI configurateur - VR-Solutions","robots":{"index":"noindex","follow":"follow"},"og_locale":"en_GB","og_type":"article","og_title":"FDI configurateur - VR-Solutions","og_description":"configurateur 3D Montpellier LOCALISATION FDI Promotion CLIENT Web et .exe SUPPORTS PRESTATIONS Mod\u00e9lisation d&rsquo;un Appartement neuf et configurateur 3d. Cr\u00e9ation d&rsquo;un configurateur 3D accessible depuis le web regroupant plusieurs r\u00e9sidences du groupe. Mod\u00e9lisation du catalogue complet des prestations propos\u00e9es par le promoteur. Changement des mat\u00e9riaux et assets en temps r\u00e9el. Personnalisation du design int\u00e9rieur en [&hellip;]","og_url":"https:\/\/vr-solutions.fr\/en\/configurateur-fdi\/","og_site_name":"VR-Solutions","article_modified_time":"2024-02-29T10:12:50+00:00","twitter_card":"summary_large_image","twitter_misc":{"Estimated reading time":"1 minute"},"schema":{"@context":"https:\/\/schema.org","@graph":[{"@type":"WebPage","@id":"https:\/\/vr-solutions.fr\/configurateur-fdi\/","url":"https:\/\/vr-solutions.fr\/configurateur-fdi\/","name":"FDI configurateur - VR-Solutions","isPartOf":{"@id":"https:\/\/vr-solutions.fr\/en\/#website"},"datePublished":"2024-02-19T14:16:01+00:00","dateModified":"2024-02-29T10:12:50+00:00","breadcrumb":{"@id":"https:\/\/vr-solutions.fr\/configurateur-fdi\/#breadcrumb"},"inLanguage":"en-GB","potentialAction":[{"@type":"ReadAction","target":["https:\/\/vr-solutions.fr\/configurateur-fdi\/"]}]},{"@type":"BreadcrumbList","@id":"https:\/\/vr-solutions.fr\/configurateur-fdi\/#breadcrumb","itemListElement":[{"@type":"ListItem","position":1,"name":"Home","item":"https:\/\/vr-solutions.fr\/"},{"@type":"ListItem","position":2,"name":"FDI configurateur"}]},{"@type":"WebSite","@id":"https:\/\/vr-solutions.fr\/en\/#website","url":"https:\/\/vr-solutions.fr\/en\/","name":"VR Solutions","description":"","publisher":{"@id":"https:\/\/vr-solutions.fr\/en\/#organization"},"potentialAction":[{"@type":"SearchAction","target":{"@type":"EntryPoint","urlTemplate":"https:\/\/vr-solutions.fr\/en\/?s={search_term_string}"},"query-input":{"@type":"PropertyValueSpecification","valueRequired":true,"valueName":"search_term_string"}}],"inLanguage":"en-GB"},{"@type":"Organization","@id":"https:\/\/vr-solutions.fr\/en\/#organization","name":"VR Solutions","url":"https:\/\/vr-solutions.fr\/en\/","logo":{"@type":"ImageObject","inLanguage":"en-GB","@id":"https:\/\/vr-solutions.fr\/en\/#\/schema\/logo\/image\/","url":"https:\/\/vr-solutions.fr\/wp-content\/uploads\/2023\/01\/LOGO-N-1200px-PNG-e1705936122838.png","contentUrl":"https:\/\/vr-solutions.fr\/wp-content\/uploads\/2023\/01\/LOGO-N-1200px-PNG-e1705936122838.png","width":1126,"height":402,"caption":"VR Solutions"},"image":{"@id":"https:\/\/vr-solutions.fr\/en\/#\/schema\/logo\/image\/"}}]}},"_links":{"self":[{"href":"https:\/\/vr-solutions.fr\/en\/wp-json\/wp\/v2\/pages\/4249","targetHints":{"allow":["GET"]}}],"collection":[{"href":"https:\/\/vr-solutions.fr\/en\/wp-json\/wp\/v2\/pages"}],"about":[{"href":"https:\/\/vr-solutions.fr\/en\/wp-json\/wp\/v2\/types\/page"}],"author":[{"embeddable":true,"href":"https:\/\/vr-solutions.fr\/en\/wp-json\/wp\/v2\/users\/1"}],"replies":[{"embeddable":true,"href":"https:\/\/vr-solutions.fr\/en\/wp-json\/wp\/v2\/comments?post=4249"}],"version-history":[{"count":0,"href":"https:\/\/vr-solutions.fr\/en\/wp-json\/wp\/v2\/pages\/4249\/revisions"}],"wp:attachment":[{"href":"https:\/\/vr-solutions.fr\/en\/wp-json\/wp\/v2\/media?parent=4249"}],"curies":[{"name":"wp","href":"https:\/\/api.w.org\/{rel}","templated":true}]}}